{"id":1680,"date":"2020-08-12T13:27:22","date_gmt":"2020-08-12T11:27:22","guid":{"rendered":"https:\/\/www.sjr-erlangen.de\/WP\/?page_id=1680"},"modified":"2023-01-16T14:54:46","modified_gmt":"2023-01-16T13:54:46","slug":"bus","status":"publish","type":"page","link":"https:\/\/www.sjr-erlangen.de\/WP\/verleih\/bus\/","title":{"rendered":"Bus"},"content":{"rendered":"\t\t<div data-elementor-type=\"wp-page\" data-elementor-id=\"1680\" class=\"elementor elementor-1680\">\n\t\t\t\t\t\t<section class=\"elementor-section elementor-top-section elementor-element elementor-element-70f8ab2d elementor-section-boxed elementor-section-height-default elementor-section-height-default\" data-id=\"70f8ab2d\" data-element_type=\"section\" data-e-type=\"section\">\n\t\t\t\t\t\t<div class=\"elementor-container elementor-column-gap-default\">\n\t\t\t\t\t<div class=\"elementor-column elementor-col-100 elementor-top-column elementor-element elementor-element-75fe1e27\" data-id=\"75fe1e27\" data-element_type=\"column\" data-e-type=\"column\">\n\t\t\t<div class=\"elementor-widget-wrap elementor-element-populated\">\n\t\t\t\t\t\t<div class=\"elementor-element elementor-element-63e3423b elementor-widget elementor-widget-heading\" data-id=\"63e3423b\" data-element_type=\"widget\" data-e-type=\"widget\" data-widget_type=\"heading.default\">\n\t\t\t\t<div class=\"elementor-widget-container\">\n\t\t\t\t\t<h1 class=\"elementor-heading-title elementor-size-default\">9-Sitzer-Bus<\/h1>\t\t\t\t<\/div>\n\t\t\t\t<\/div>\n\t\t\t\t<div class=\"elementor-element elementor-element-25962bcd elementor-widget elementor-widget-text-editor\" data-id=\"25962bcd\" data-element_type=\"widget\" data-e-type=\"widget\" data-widget_type=\"text-editor.default\">\n\t\t\t\t<div class=\"elementor-widget-container\">\n\t\t\t\t\t\t\t\t\t<p><strong>Verf\u00fcgbare Anzahl: <\/strong>1 St\u00fcck<\/p><p><strong>Beschreibung: <\/strong>Ford Transit Tourneo Diesel, 9-Sitzer-Bus mit langem Radstand und mittelhohem Dach; gro\u00dfes Ladevolumen; Parkpilotsystem zum R\u00fcckw\u00e4rtsfahren; Ganzjahresreifen; Schneeketten; Klimaanlage vorn; Anh\u00e4ngerkupplung: Anh\u00e4ngerlast 2.550 kg (Anh\u00e4nger mit Bremse), 750 kg (Anh\u00e4nger ohne Bremse), Leistung: 92 kW (125 PS), max. 157 km\/h, Frontantrieb<\/p><p><strong>Standort und \u00dcbergabe: <\/strong>Das Fahrzeug ist nach der Nutzung wieder an seinen Standort zu bringen und muss <u>pers\u00f6nlich<\/u> an einen Mitarbeiter\/eine Mitarbeiterin des SJR \u00fcbergeben werden. Der Standort des Fahrzeugs ist: <em>Stadtjugendring Erlangen, Michael-Vogel-Str. 1e, 91052 Erlangen<\/em>.<\/p><p><strong>Die Kosten f\u00fcr die Nutzung betragen:<\/strong><\/p><p>Tagespauschale (24 Stunden): 15,00 \u20ac zuz\u00fcglich<br \/>Nutzung pro gefahrenem Kilometer: 0,25 \u20ac (<strong>exclusive Diesel<\/strong>; Bus wird vollgetankt \u00fcbergeben und muss vollgetankt zur\u00fcckgegeben werden)<br \/><strong>\u00dcber- und R\u00fcckgabe des SJR Busses nur innerhalb der Gesch\u00e4ftszeiten. Absprachen sind m\u00f6glich. Die Leihdauer beginntmit \u00dcbergabe vom SJR und endet mit vollst\u00e4ndiger R\u00fcckgabe an den SJR.<\/strong><\/p><p><strong>Endreinigung: <\/strong>Der Bus ist innen und au\u00dfen gereinigt zur\u00fcckzugeben. Sollte das Fahrzeug in verschmutztem Zustand zur\u00fcckgegeben werden, behalten wir uns vor, dem Entleiher\/der Entleiherin f\u00fcr anfallende Reinigungskosten eine Pauschale von mindestens EUR 25,00 zu berechnen.<\/p><p><strong>Ausfallgeb\u00fchren: <\/strong>Bei Vertragsr\u00fccktritt berechnen wir folgende Ausfallgeb\u00fchren:<\/p><p><strong>Absagen in einem Zeitraum von 4 bis 2 Wochen vor dem ersten Nutzungstag: <\/strong><br \/>50 % der f\u00fcr die Nutzung anfallenden Pauschale, mindestens jedoch 10,00 \u20ac f\u00fcr Mitgliedsverb\u00e4ndedes SJR und 20,00 \u20ac f\u00fcr Nicht-Mitgliedsverb\u00e4nde<\/p><p><strong>Absagen in einem Zeitraum von weniger als 2 Wochen vor dem ersten Nutzungstag: <\/strong><br \/>100 % der f\u00fcr die Nutzung anfallenden Pauschale, mindestens jedoch 20,00 \u20ac f\u00fcr Mitgliedsverb\u00e4nde und 40,00 \u20ac f\u00fcr Nicht-Mitgliedsverb\u00e4nde.<\/p><p><strong>Fahrer\/-in: <\/strong>Der\/die Fahrer\/-in des Fahrzeuges muss seit mindestens 2 Jahren im Besitz einer g\u00fcltigen Fahrerlaubnis sowie mindestens 21 Jahre alt sein und \u00fcber einschl\u00e4gige Fahrpraxis verf\u00fcgen.<a name=\"_Toc498611487\"><\/a><\/p><p><strong>Alle weiteren Verleihbedingungen sind aus dem Nutzungsvertrag ersichtlich. <\/strong><\/p><p><strong>Eine verbindliche Reservierung f\u00fcr Nicht-Mitglieder des Stadtjugendrings ist fr\u00fchestens 3 Monate vor dem geplanten Nutzungszeitraum m\u00f6glich.<\/strong><\/p>\t\t\t\t\t\t\t\t<\/div>\n\t\t\t\t<\/div>\n\t\t\t\t<div class=\"elementor-element elementor-element-14a8c81c elementor-widget-divider--view-line elementor-widget elementor-widget-divider\" data-id=\"14a8c81c\" data-element_type=\"widget\" data-e-type=\"widget\" data-widget_type=\"divider.default\">\n\t\t\t\t<div class=\"elementor-widget-container\">\n\t\t\t\t\t\t\t<div class=\"elementor-divider\">\n\t\t\t<span class=\"elementor-divider-separator\">\n\t\t\t\t\t\t<\/span>\n\t\t<\/div>\n\t\t\t\t\t\t<\/div>\n\t\t\t\t<\/div>\n\t\t\t\t\t<\/div>\n\t\t<\/div>\n\t\t\t\t\t<\/div>\n\t\t<\/section>\n\t\t\t\t<\/div>\n\t\t","protected":false},"excerpt":{"rendered":"<p>9-Sitzer-Bus Verf\u00fcgbare Anzahl: 1 St\u00fcck Beschreibung: Ford Transit Tourneo Diesel, 9-Sitzer-Bus mit langem Radstand und mittelhohem Dach; gro\u00dfes Ladevolumen; Parkpilotsystem zum R\u00fcckw\u00e4rtsfahren; Ganzjahresreifen; Schneeketten; Klimaanlage vorn; Anh\u00e4ngerkupplung: Anh\u00e4ngerlast 2.550 kg [&hellip;]<\/p>\n","protected":false},"author":2,"featured_media":0,"parent":38,"menu_order":0,"comment_status":"closed","ping_status":"closed","template":"","meta":{"ocean_post_layout":"","ocean_both_sidebars_style":"","ocean_both_sidebars_content_width":0,"ocean_both_sidebars_sidebars_width":0,"ocean_sidebar":"0","ocean_second_sidebar":"0","ocean_disable_margins":"enable","ocean_add_body_class":"","ocean_shortcode_before_top_bar":"","ocean_shortcode_after_top_bar":"","ocean_shortcode_before_header":"","ocean_shortcode_after_header":"","ocean_has_shortcode":"","ocean_shortcode_after_title":"","ocean_shortcode_before_footer_widgets":"","ocean_shortcode_after_footer_widgets":"","ocean_shortcode_before_footer_bottom":"","ocean_shortcode_after_footer_bottom":"","ocean_display_top_bar":"default","ocean_display_header":"default","ocean_header_style":"","ocean_center_header_left_menu":"0","ocean_custom_header_template":"0","ocean_custom_logo":0,"ocean_custom_retina_logo":0,"ocean_custom_logo_max_width":0,"ocean_custom_logo_tablet_max_width":0,"ocean_custom_logo_mobile_max_width":0,"ocean_custom_logo_max_height":0,"ocean_custom_logo_tablet_max_height":0,"ocean_custom_logo_mobile_max_height":0,"ocean_header_custom_menu":"0","ocean_menu_typo_font_family":"0","ocean_menu_typo_font_subset":"","ocean_menu_typo_font_size":0,"ocean_menu_typo_font_size_tablet":0,"ocean_menu_typo_font_size_mobile":0,"ocean_menu_typo_font_size_unit":"px","ocean_menu_typo_font_weight":"","ocean_menu_typo_font_weight_tablet":"","ocean_menu_typo_font_weight_mobile":"","ocean_menu_typo_transform":"","ocean_menu_typo_transform_tablet":"","ocean_menu_typo_transform_mobile":"","ocean_menu_typo_line_height":0,"ocean_menu_typo_line_height_tablet":0,"ocean_menu_typo_line_height_mobile":0,"ocean_menu_typo_line_height_unit":"","ocean_menu_typo_spacing":0,"ocean_menu_typo_spacing_tablet":0,"ocean_menu_typo_spacing_mobile":0,"ocean_menu_typo_spacing_unit":"","ocean_menu_link_color":"","ocean_menu_link_color_hover":"","ocean_menu_link_color_active":"","ocean_menu_link_background":"","ocean_menu_link_hover_background":"","ocean_menu_link_active_background":"","ocean_menu_social_links_bg":"","ocean_menu_social_hover_links_bg":"","ocean_menu_social_links_color":"","ocean_menu_social_hover_links_color":"","ocean_disable_title":"default","ocean_disable_heading":"default","ocean_post_title":"","ocean_post_subheading":"","ocean_post_title_style":"","ocean_post_title_background_color":"","ocean_post_title_background":0,"ocean_post_title_bg_image_position":"","ocean_post_title_bg_image_attachment":"","ocean_post_title_bg_image_repeat":"","ocean_post_title_bg_image_size":"","ocean_post_title_height":0,"ocean_post_title_bg_overlay":0.5,"ocean_post_title_bg_overlay_color":"","ocean_disable_breadcrumbs":"default","ocean_breadcrumbs_color":"","ocean_breadcrumbs_separator_color":"","ocean_breadcrumbs_links_color":"","ocean_breadcrumbs_links_hover_color":"","ocean_display_footer_widgets":"default","ocean_display_footer_bottom":"default","ocean_custom_footer_template":"0","footnotes":""},"class_list":["post-1680","page","type-page","status-publish","hentry","entry"],"yoast_head":"<!-- This site is optimized with the Yoast SEO plugin v27.1.1 - https:\/\/yoast.com\/product\/yoast-seo-wordpress\/ -->\n<title>Bus - SJR Erlangen<\/title>\n<meta name=\"robots\" content=\"index, follow, max-snippet:-1, max-image-preview:large, max-video-preview:-1\" \/>\n<link rel=\"canonical\" href=\"https:\/\/www.sjr-erlangen.de\/WP\/verleih\/bus\/\" \/>\n<meta property=\"og:locale\" content=\"de_DE\" \/>\n<meta property=\"og:type\" content=\"article\" \/>\n<meta property=\"og:title\" content=\"Bus - SJR Erlangen\" \/>\n<meta property=\"og:description\" content=\"9-Sitzer-Bus Verf\u00fcgbare Anzahl: 1 St\u00fcck Beschreibung: Ford Transit Tourneo Diesel, 9-Sitzer-Bus mit langem Radstand und mittelhohem Dach; gro\u00dfes Ladevolumen; Parkpilotsystem zum R\u00fcckw\u00e4rtsfahren; Ganzjahresreifen; Schneeketten; Klimaanlage vorn; Anh\u00e4ngerkupplung: Anh\u00e4ngerlast 2.550 kg [&hellip;]\" \/>\n<meta property=\"og:url\" content=\"https:\/\/www.sjr-erlangen.de\/WP\/verleih\/bus\/\" \/>\n<meta property=\"og:site_name\" content=\"SJR Erlangen\" \/>\n<meta property=\"article:modified_time\" content=\"2023-01-16T13:54:46+00:00\" \/>\n<meta name=\"twitter:card\" content=\"summary_large_image\" \/>\n<meta name=\"twitter:label1\" content=\"Gesch\u00e4tzte Lesezeit\" \/>\n\t<meta name=\"twitter:data1\" content=\"2\u00a0Minuten\" \/>\n<script type=\"application\/ld+json\" class=\"yoast-schema-graph\">{\"@context\":\"https:\/\/schema.org\",\"@graph\":[{\"@type\":\"WebPage\",\"@id\":\"https:\/\/www.sjr-erlangen.de\/WP\/verleih\/bus\/\",\"url\":\"https:\/\/www.sjr-erlangen.de\/WP\/verleih\/bus\/\",\"name\":\"Bus - SJR Erlangen\",\"isPartOf\":{\"@id\":\"https:\/\/www.sjr-erlangen.de\/WP\/#website\"},\"datePublished\":\"2020-08-12T11:27:22+00:00\",\"dateModified\":\"2023-01-16T13:54:46+00:00\",\"breadcrumb\":{\"@id\":\"https:\/\/www.sjr-erlangen.de\/WP\/verleih\/bus\/#breadcrumb\"},\"inLanguage\":\"de\",\"potentialAction\":[{\"@type\":\"ReadAction\",\"target\":[\"https:\/\/www.sjr-erlangen.de\/WP\/verleih\/bus\/\"]}]},{\"@type\":\"BreadcrumbList\",\"@id\":\"https:\/\/www.sjr-erlangen.de\/WP\/verleih\/bus\/#breadcrumb\",\"itemListElement\":[{\"@type\":\"ListItem\",\"position\":1,\"name\":\"Startseite\",\"item\":\"https:\/\/www.sjr-erlangen.de\/WP\/\"},{\"@type\":\"ListItem\",\"position\":2,\"name\":\"Verleih im SJR\",\"item\":\"https:\/\/www.sjr-erlangen.de\/WP\/verleih\/\"},{\"@type\":\"ListItem\",\"position\":3,\"name\":\"Bus\"}]},{\"@type\":\"WebSite\",\"@id\":\"https:\/\/www.sjr-erlangen.de\/WP\/#website\",\"url\":\"https:\/\/www.sjr-erlangen.de\/WP\/\",\"name\":\"SJR Erlangen\",\"description\":\"Herzlich willkommen auf den Seiten des Stadtjugendrings Erlangen!\",\"potentialAction\":[{\"@type\":\"SearchAction\",\"target\":{\"@type\":\"EntryPoint\",\"urlTemplate\":\"https:\/\/www.sjr-erlangen.de\/WP\/?s={search_term_string}\"},\"query-input\":{\"@type\":\"PropertyValueSpecification\",\"valueRequired\":true,\"valueName\":\"search_term_string\"}}],\"inLanguage\":\"de\"}]}<\/script>\n<!-- \/ Yoast SEO plugin. -->","yoast_head_json":{"title":"Bus - SJR Erlangen","robots":{"index":"index","follow":"follow","max-snippet":"max-snippet:-1","max-image-preview":"max-image-preview:large","max-video-preview":"max-video-preview:-1"},"canonical":"https:\/\/www.sjr-erlangen.de\/WP\/verleih\/bus\/","og_locale":"de_DE","og_type":"article","og_title":"Bus - SJR Erlangen","og_description":"9-Sitzer-Bus Verf\u00fcgbare Anzahl: 1 St\u00fcck Beschreibung: Ford Transit Tourneo Diesel, 9-Sitzer-Bus mit langem Radstand und mittelhohem Dach; gro\u00dfes Ladevolumen; Parkpilotsystem zum R\u00fcckw\u00e4rtsfahren; Ganzjahresreifen; Schneeketten; Klimaanlage vorn; Anh\u00e4ngerkupplung: Anh\u00e4ngerlast 2.550 kg [&hellip;]","og_url":"https:\/\/www.sjr-erlangen.de\/WP\/verleih\/bus\/","og_site_name":"SJR Erlangen","article_modified_time":"2023-01-16T13:54:46+00:00","twitter_card":"summary_large_image","twitter_misc":{"Gesch\u00e4tzte Lesezeit":"2\u00a0Minuten"},"schema":{"@context":"https:\/\/schema.org","@graph":[{"@type":"WebPage","@id":"https:\/\/www.sjr-erlangen.de\/WP\/verleih\/bus\/","url":"https:\/\/www.sjr-erlangen.de\/WP\/verleih\/bus\/","name":"Bus - SJR Erlangen","isPartOf":{"@id":"https:\/\/www.sjr-erlangen.de\/WP\/#website"},"datePublished":"2020-08-12T11:27:22+00:00","dateModified":"2023-01-16T13:54:46+00:00","breadcrumb":{"@id":"https:\/\/www.sjr-erlangen.de\/WP\/verleih\/bus\/#breadcrumb"},"inLanguage":"de","potentialAction":[{"@type":"ReadAction","target":["https:\/\/www.sjr-erlangen.de\/WP\/verleih\/bus\/"]}]},{"@type":"BreadcrumbList","@id":"https:\/\/www.sjr-erlangen.de\/WP\/verleih\/bus\/#breadcrumb","itemListElement":[{"@type":"ListItem","position":1,"name":"Startseite","item":"https:\/\/www.sjr-erlangen.de\/WP\/"},{"@type":"ListItem","position":2,"name":"Verleih im SJR","item":"https:\/\/www.sjr-erlangen.de\/WP\/verleih\/"},{"@type":"ListItem","position":3,"name":"Bus"}]},{"@type":"WebSite","@id":"https:\/\/www.sjr-erlangen.de\/WP\/#website","url":"https:\/\/www.sjr-erlangen.de\/WP\/","name":"SJR Erlangen","description":"Herzlich willkommen auf den Seiten des Stadtjugendrings Erlangen!","potentialAction":[{"@type":"SearchAction","target":{"@type":"EntryPoint","urlTemplate":"https:\/\/www.sjr-erlangen.de\/WP\/?s={search_term_string}"},"query-input":{"@type":"PropertyValueSpecification","valueRequired":true,"valueName":"search_term_string"}}],"inLanguage":"de"}]}},"_links":{"self":[{"href":"https:\/\/www.sjr-erlangen.de\/WP\/wp-json\/wp\/v2\/pages\/1680","targetHints":{"allow":["GET"]}}],"collection":[{"href":"https:\/\/www.sjr-erlangen.de\/WP\/wp-json\/wp\/v2\/pages"}],"about":[{"href":"https:\/\/www.sjr-erlangen.de\/WP\/wp-json\/wp\/v2\/types\/page"}],"author":[{"embeddable":true,"href":"https:\/\/www.sjr-erlangen.de\/WP\/wp-json\/wp\/v2\/users\/2"}],"replies":[{"embeddable":true,"href":"https:\/\/www.sjr-erlangen.de\/WP\/wp-json\/wp\/v2\/comments?post=1680"}],"version-history":[{"count":12,"href":"https:\/\/www.sjr-erlangen.de\/WP\/wp-json\/wp\/v2\/pages\/1680\/revisions"}],"predecessor-version":[{"id":5364,"href":"https:\/\/www.sjr-erlangen.de\/WP\/wp-json\/wp\/v2\/pages\/1680\/revisions\/5364"}],"up":[{"embeddable":true,"href":"https:\/\/www.sjr-erlangen.de\/WP\/wp-json\/wp\/v2\/pages\/38"}],"wp:attachment":[{"href":"https:\/\/www.sjr-erlangen.de\/WP\/wp-json\/wp\/v2\/media?parent=1680"}],"curies":[{"name":"wp","href":"https:\/\/api.w.org\/{rel}","templated":true}]}}