{"id":2680,"date":"2021-03-17T17:35:29","date_gmt":"2021-03-17T16:35:29","guid":{"rendered":"https:\/\/www.sjr-erlangen.de\/WP\/?page_id=2680"},"modified":"2023-11-27T16:54:10","modified_gmt":"2023-11-27T15:54:10","slug":"online-angebote","status":"publish","type":"page","link":"https:\/\/www.sjr-erlangen.de\/WP\/online-angebote\/","title":{"rendered":"Nur Online Angebote"},"content":{"rendered":"\t\t<div data-elementor-type=\"wp-page\" data-elementor-id=\"2680\" class=\"elementor elementor-2680\">\n\t\t\t\t\t\t<section class=\"elementor-section elementor-top-section elementor-element elementor-element-6f0416c elementor-section-boxed elementor-section-height-default elementor-section-height-default\" data-id=\"6f0416c\" data-element_type=\"section\" data-e-type=\"section\">\n\t\t\t\t\t\t<div class=\"elementor-container elementor-column-gap-default\">\n\t\t\t\t\t<div class=\"elementor-column elementor-col-100 elementor-top-column elementor-element elementor-element-bf908c8\" data-id=\"bf908c8\" data-element_type=\"column\" data-e-type=\"column\">\n\t\t\t<div class=\"elementor-widget-wrap elementor-element-populated\">\n\t\t\t\t\t\t<div class=\"elementor-element elementor-element-c6de182 elementor-widget elementor-widget-heading\" data-id=\"c6de182\" data-element_type=\"widget\" data-e-type=\"widget\" data-widget_type=\"heading.default\">\n\t\t\t\t<div class=\"elementor-widget-container\">\n\t\t\t\t\t<h2 class=\"elementor-heading-title elementor-size-default\">Nur Online Angebote<\/h2>\t\t\t\t<\/div>\n\t\t\t\t<\/div>\n\t\t\t\t\t<\/div>\n\t\t<\/div>\n\t\t\t\t\t<\/div>\n\t\t<\/section>\n\t\t\t\t<section class=\"elementor-section elementor-top-section elementor-element elementor-element-0fc1dcf elementor-section-boxed elementor-section-height-default elementor-section-height-default\" data-id=\"0fc1dcf\" data-element_type=\"section\" data-e-type=\"section\">\n\t\t\t\t\t\t<div class=\"elementor-container elementor-column-gap-default\">\n\t\t\t\t\t<div class=\"elementor-column elementor-col-100 elementor-top-column elementor-element elementor-element-48a99ae\" data-id=\"48a99ae\" data-element_type=\"column\" data-e-type=\"column\">\n\t\t\t<div class=\"elementor-widget-wrap elementor-element-populated\">\n\t\t\t\t\t\t<div class=\"elementor-element elementor-element-643fe24 elementor-widget elementor-widget-accordion\" data-id=\"643fe24\" data-element_type=\"widget\" data-e-type=\"widget\" data-widget_type=\"accordion.default\">\n\t\t\t\t<div class=\"elementor-widget-container\">\n\t\t\t\t\t\t\t<div class=\"elementor-accordion\">\n\t\t\t\t\t\t\t<div class=\"elementor-accordion-item\">\n\t\t\t\t\t<div id=\"elementor-tab-title-1051\" class=\"elementor-tab-title\" data-tab=\"1\" role=\"button\" aria-controls=\"elementor-tab-content-1051\" aria-expanded=\"false\">\n\t\t\t\t\t\t\t\t\t\t\t\t\t<span class=\"elementor-accordion-icon elementor-accordion-icon-left\" aria-hidden=\"true\">\n\t\t\t\t\t\t\t\t\t\t\t\t\t\t\t<span class=\"elementor-accordion-icon-closed\"><i class=\"fas fa-plus\"><\/i><\/span>\n\t\t\t\t\t\t\t\t<span class=\"elementor-accordion-icon-opened\"><i class=\"fas fa-minus\"><\/i><\/span>\n\t\t\t\t\t\t\t\t\t\t\t\t\t\t<\/span>\n\t\t\t\t\t\t\t\t\t\t\t\t<a class=\"elementor-accordion-title\" tabindex=\"0\">Lern-Fair \u2013 die Plattform des Corona School e.V.  Fair lernen statt verlernen<\/a>\n\t\t\t\t\t<\/div>\n\t\t\t\t\t<div id=\"elementor-tab-content-1051\" class=\"elementor-tab-content elementor-clearfix\" data-tab=\"1\" role=\"region\" aria-labelledby=\"elementor-tab-title-1051\"><p><strong>Ansprechperson und Kontakt:<br \/><\/strong><a href=\"support@lern-fair.de\" target=\"_blank\" rel=\"noopener\">support@lern-fair.de<\/a><br \/><a href=\"https:\/\/www.lern-fair.de\/\" target=\"_blank\" rel=\"noopener\">https:\/\/www.lern-fair.de\/<\/a><br \/><a href=\"https:\/\/www.facebook.com\/lernfair\/\" target=\"_blank\" rel=\"noopener\">https:\/\/www.facebook.com\/lernfair\/<\/a><br \/><a href=\"https:\/\/www.instagram.com\/lern.fair\/\" target=\"_blank\" rel=\"noopener\">https:\/\/www.instagram.com\/lern.fair\/<\/a><\/p><p><strong>Auf einen Blick:<br \/><span style=\"color: #00ccff;\">Alle F\u00e4cher<\/span><\/strong><br \/><strong><span style=\"color: #339966;\">Alle Schularten<\/span><\/strong><br \/><span style=\"color: #ff0000;\"><strong>Online<\/strong><\/span><\/p><p><strong>Kurzbeschreibung:<br \/><\/strong>Du hast manche Unterrichtsinhalte noch nicht verstanden, brauchst Hilfe bei den Hausaufgaben oder stehst vor einer wichtigen Pr\u00fcfung? &#8211; Wir verbinden dich mit einem*r motivierten Student*in, der*die dich \u00fcber Video-Chat unterst\u00fctzt und deine Fragen beantwortet.<\/p><p>Kein Problem! Wir unterst\u00fctzen dich bei der Bearbeitung deiner Schulaufgaben (Aufgabenbetreuung, Abiturvorbereitung oder Nachhilfe). Bei Verst\u00e4ndnisschwierigkeiten wiederholen wir den Stoff in aller Ruhe mit dir und schauen, wo es hakt. Und alles findet online statt.<\/p><p>Du musst dich auf der Lern-Fair Seite registrieren, um kostenlose Unterst\u00fctzung zu erhalten. Wir finden eine Studentin\/einen Studenten und vereinbaren ein erstes digitales Gespr\u00e4ch f\u00fcr euch, damit ihr einander kennenlernt. Danach k\u00f6nnt ihr dann die Schulaufgaben gemeinsam angehen.<\/p><p>Selbstverst\u00e4ndlich ist das Angebot kostenlos.<\/p><\/div>\n\t\t\t\t<\/div>\n\t\t\t\t\t\t\t<div class=\"elementor-accordion-item\">\n\t\t\t\t\t<div id=\"elementor-tab-title-1052\" class=\"elementor-tab-title\" data-tab=\"2\" role=\"button\" aria-controls=\"elementor-tab-content-1052\" aria-expanded=\"false\">\n\t\t\t\t\t\t\t\t\t\t\t\t\t<span class=\"elementor-accordion-icon elementor-accordion-icon-left\" aria-hidden=\"true\">\n\t\t\t\t\t\t\t\t\t\t\t\t\t\t\t<span class=\"elementor-accordion-icon-closed\"><i class=\"fas fa-plus\"><\/i><\/span>\n\t\t\t\t\t\t\t\t<span class=\"elementor-accordion-icon-opened\"><i class=\"fas fa-minus\"><\/i><\/span>\n\t\t\t\t\t\t\t\t\t\t\t\t\t\t<\/span>\n\t\t\t\t\t\t\t\t\t\t\t\t<a class=\"elementor-accordion-title\" tabindex=\"0\">naklar.io \u2013 engagiert und motiviert!<\/a>\n\t\t\t\t\t<\/div>\n\t\t\t\t\t<div id=\"elementor-tab-content-1052\" class=\"elementor-tab-content elementor-clearfix\" data-tab=\"2\" role=\"region\" aria-labelledby=\"elementor-tab-title-1052\"><p><strong>Ansprechperson und Kontakt:<br \/><\/strong><a href=\"mailto:info@naklar.io\" target=\"_blank\" rel=\"noopener\">info@naklar.io<\/a><br \/><a href=\"https:\/\/www.naklar.io\" target=\"_blank\" rel=\"noopener\">https:\/\/www.naklar.io<\/a><\/p><p><strong>Auf einen Blick:<br \/><\/strong><strong><span style=\"color: #00ccff;\">Alle F\u00e4cher<\/span><br \/><span style=\"color: #339966;\">Alle Schularten<\/span><br \/><span style=\"color: #ff0000;\">Online<\/span><\/strong><\/p><p><strong>Kurzbeschreibung:<br \/><\/strong>Du brauchst schnell Hilfe in einem Fach?<\/p><p>Auf naklar.io kannst du ganz einfach und zu jedem Fach deine Fragen stellen. Registriere dich auf unserer Homepage. Dann kannst du schnell und einfach zu Tutoren gelangen, die dir \u00fcber Video- oder Audiotelefonat die Fragen beantworten. Es gibt eine virtuelle Tafel und eine Upload Funktion f\u00fcr Schulunterlagen. So k\u00f6nnt ihr z.B. gemeinsam \u00fcber ein Arbeitsblatt sprechen. Die ehrenamtlichen Tutoren sind Studenten*innen oder Lehrer*innen. Und das ganz einfach per Knopfdruck.<\/p><p>Die Plattform naklar.io ist f\u00fcr dich kostenlos.<\/p><\/div>\n\t\t\t\t<\/div>\n\t\t\t\t\t\t\t\t<\/div>\n\t\t\t\t\t\t<\/div>\n\t\t\t\t<\/div>\n\t\t\t\t\t<\/div>\n\t\t<\/div>\n\t\t\t\t\t<\/div>\n\t\t<\/section>\n\t\t\t\t<\/div>\n\t\t","protected":false},"excerpt":{"rendered":"<p>Nur Online Angebote Lern-Fair \u2013 die Plattform des Corona School e.V. Fair lernen statt verlernen Ansprechperson und Kontakt:support@lern-fair.dehttps:\/\/www.lern-fair.de\/https:\/\/www.facebook.com\/lernfair\/https:\/\/www.instagram.com\/lern.fair\/ Auf einen Blick:Alle F\u00e4cherAlle SchulartenOnline Kurzbeschreibung:Du hast manche Unterrichtsinhalte noch nicht verstanden, [&hellip;]<\/p>\n","protected":false},"author":1,"featured_media":0,"parent":0,"menu_order":0,"comment_status":"closed","ping_status":"closed","template":"","meta":{"ocean_post_layout":"","ocean_both_sidebars_style":"","ocean_both_sidebars_content_width":0,"ocean_both_sidebars_sidebars_width":0,"ocean_sidebar":"0","ocean_second_sidebar":"0","ocean_disable_margins":"enable","ocean_add_body_class":"","ocean_shortcode_before_top_bar":"","ocean_shortcode_after_top_bar":"","ocean_shortcode_before_header":"","ocean_shortcode_after_header":"","ocean_has_shortcode":"","ocean_shortcode_after_title":"","ocean_shortcode_before_footer_widgets":"","ocean_shortcode_after_footer_widgets":"","ocean_shortcode_before_footer_bottom":"","ocean_shortcode_after_footer_bottom":"","ocean_display_top_bar":"default","ocean_display_header":"default","ocean_header_style":"","ocean_center_header_left_menu":"0","ocean_custom_header_template":"0","ocean_custom_logo":0,"ocean_custom_retina_logo":0,"ocean_custom_logo_max_width":0,"ocean_custom_logo_tablet_max_width":0,"ocean_custom_logo_mobile_max_width":0,"ocean_custom_logo_max_height":0,"ocean_custom_logo_tablet_max_height":0,"ocean_custom_logo_mobile_max_height":0,"ocean_header_custom_menu":"0","ocean_menu_typo_font_family":"0","ocean_menu_typo_font_subset":"","ocean_menu_typo_font_size":0,"ocean_menu_typo_font_size_tablet":0,"ocean_menu_typo_font_size_mobile":0,"ocean_menu_typo_font_size_unit":"px","ocean_menu_typo_font_weight":"","ocean_menu_typo_font_weight_tablet":"","ocean_menu_typo_font_weight_mobile":"","ocean_menu_typo_transform":"","ocean_menu_typo_transform_tablet":"","ocean_menu_typo_transform_mobile":"","ocean_menu_typo_line_height":0,"ocean_menu_typo_line_height_tablet":0,"ocean_menu_typo_line_height_mobile":0,"ocean_menu_typo_line_height_unit":"","ocean_menu_typo_spacing":0,"ocean_menu_typo_spacing_tablet":0,"ocean_menu_typo_spacing_mobile":0,"ocean_menu_typo_spacing_unit":"","ocean_menu_link_color":"","ocean_menu_link_color_hover":"","ocean_menu_link_color_active":"","ocean_menu_link_background":"","ocean_menu_link_hover_background":"","ocean_menu_link_active_background":"","ocean_menu_social_links_bg":"","ocean_menu_social_hover_links_bg":"","ocean_menu_social_links_color":"","ocean_menu_social_hover_links_color":"","ocean_disable_title":"default","ocean_disable_heading":"default","ocean_post_title":"","ocean_post_subheading":"","ocean_post_title_style":"","ocean_post_title_background_color":"","ocean_post_title_background":0,"ocean_post_title_bg_image_position":"","ocean_post_title_bg_image_attachment":"","ocean_post_title_bg_image_repeat":"","ocean_post_title_bg_image_size":"","ocean_post_title_height":0,"ocean_post_title_bg_overlay":0.5,"ocean_post_title_bg_overlay_color":"","ocean_disable_breadcrumbs":"default","ocean_breadcrumbs_color":"","ocean_breadcrumbs_separator_color":"","ocean_breadcrumbs_links_color":"","ocean_breadcrumbs_links_hover_color":"","ocean_display_footer_widgets":"default","ocean_display_footer_bottom":"default","ocean_custom_footer_template":"0","footnotes":""},"class_list":["post-2680","page","type-page","status-publish","hentry","entry"],"yoast_head":"<!-- This site is optimized with the Yoast SEO plugin v27.1.1 - https:\/\/yoast.com\/product\/yoast-seo-wordpress\/ -->\n<title>Nur Online Angebote - SJR Erlangen<\/title>\n<meta name=\"robots\" content=\"index, follow, max-snippet:-1, max-image-preview:large, max-video-preview:-1\" \/>\n<link rel=\"canonical\" href=\"https:\/\/www.sjr-erlangen.de\/WP\/online-angebote\/\" \/>\n<meta property=\"og:locale\" content=\"de_DE\" \/>\n<meta property=\"og:type\" content=\"article\" \/>\n<meta property=\"og:title\" content=\"Nur Online Angebote - SJR Erlangen\" \/>\n<meta property=\"og:description\" content=\"Nur Online Angebote Lern-Fair \u2013 die Plattform des Corona School e.V. Fair lernen statt verlernen Ansprechperson und Kontakt:support@lern-fair.dehttps:\/\/www.lern-fair.de\/https:\/\/www.facebook.com\/lernfair\/https:\/\/www.instagram.com\/lern.fair\/ Auf einen Blick:Alle F\u00e4cherAlle SchulartenOnline Kurzbeschreibung:Du hast manche Unterrichtsinhalte noch nicht verstanden, [&hellip;]\" \/>\n<meta property=\"og:url\" content=\"https:\/\/www.sjr-erlangen.de\/WP\/online-angebote\/\" \/>\n<meta property=\"og:site_name\" content=\"SJR Erlangen\" \/>\n<meta property=\"article:modified_time\" content=\"2023-11-27T15:54:10+00:00\" \/>\n<meta name=\"twitter:card\" content=\"summary_large_image\" \/>\n<meta name=\"twitter:label1\" content=\"Gesch\u00e4tzte Lesezeit\" \/>\n\t<meta name=\"twitter:data1\" content=\"1\u00a0Minute\" \/>\n<script type=\"application\/ld+json\" class=\"yoast-schema-graph\">{\"@context\":\"https:\/\/schema.org\",\"@graph\":[{\"@type\":\"WebPage\",\"@id\":\"https:\/\/www.sjr-erlangen.de\/WP\/online-angebote\/\",\"url\":\"https:\/\/www.sjr-erlangen.de\/WP\/online-angebote\/\",\"name\":\"Nur Online Angebote - SJR Erlangen\",\"isPartOf\":{\"@id\":\"https:\/\/www.sjr-erlangen.de\/WP\/#website\"},\"datePublished\":\"2021-03-17T16:35:29+00:00\",\"dateModified\":\"2023-11-27T15:54:10+00:00\",\"breadcrumb\":{\"@id\":\"https:\/\/www.sjr-erlangen.de\/WP\/online-angebote\/#breadcrumb\"},\"inLanguage\":\"de\",\"potentialAction\":[{\"@type\":\"ReadAction\",\"target\":[\"https:\/\/www.sjr-erlangen.de\/WP\/online-angebote\/\"]}]},{\"@type\":\"BreadcrumbList\",\"@id\":\"https:\/\/www.sjr-erlangen.de\/WP\/online-angebote\/#breadcrumb\",\"itemListElement\":[{\"@type\":\"ListItem\",\"position\":1,\"name\":\"Startseite\",\"item\":\"https:\/\/www.sjr-erlangen.de\/WP\/\"},{\"@type\":\"ListItem\",\"position\":2,\"name\":\"Nur Online Angebote\"}]},{\"@type\":\"WebSite\",\"@id\":\"https:\/\/www.sjr-erlangen.de\/WP\/#website\",\"url\":\"https:\/\/www.sjr-erlangen.de\/WP\/\",\"name\":\"SJR Erlangen\",\"description\":\"Herzlich willkommen auf den Seiten des Stadtjugendrings Erlangen!\",\"potentialAction\":[{\"@type\":\"SearchAction\",\"target\":{\"@type\":\"EntryPoint\",\"urlTemplate\":\"https:\/\/www.sjr-erlangen.de\/WP\/?s={search_term_string}\"},\"query-input\":{\"@type\":\"PropertyValueSpecification\",\"valueRequired\":true,\"valueName\":\"search_term_string\"}}],\"inLanguage\":\"de\"}]}<\/script>\n<!-- \/ Yoast SEO plugin. -->","yoast_head_json":{"title":"Nur Online Angebote - SJR Erlangen","robots":{"index":"index","follow":"follow","max-snippet":"max-snippet:-1","max-image-preview":"max-image-preview:large","max-video-preview":"max-video-preview:-1"},"canonical":"https:\/\/www.sjr-erlangen.de\/WP\/online-angebote\/","og_locale":"de_DE","og_type":"article","og_title":"Nur Online Angebote - SJR Erlangen","og_description":"Nur Online Angebote Lern-Fair \u2013 die Plattform des Corona School e.V. Fair lernen statt verlernen Ansprechperson und Kontakt:support@lern-fair.dehttps:\/\/www.lern-fair.de\/https:\/\/www.facebook.com\/lernfair\/https:\/\/www.instagram.com\/lern.fair\/ Auf einen Blick:Alle F\u00e4cherAlle SchulartenOnline Kurzbeschreibung:Du hast manche Unterrichtsinhalte noch nicht verstanden, [&hellip;]","og_url":"https:\/\/www.sjr-erlangen.de\/WP\/online-angebote\/","og_site_name":"SJR Erlangen","article_modified_time":"2023-11-27T15:54:10+00:00","twitter_card":"summary_large_image","twitter_misc":{"Gesch\u00e4tzte Lesezeit":"1\u00a0Minute"},"schema":{"@context":"https:\/\/schema.org","@graph":[{"@type":"WebPage","@id":"https:\/\/www.sjr-erlangen.de\/WP\/online-angebote\/","url":"https:\/\/www.sjr-erlangen.de\/WP\/online-angebote\/","name":"Nur Online Angebote - SJR Erlangen","isPartOf":{"@id":"https:\/\/www.sjr-erlangen.de\/WP\/#website"},"datePublished":"2021-03-17T16:35:29+00:00","dateModified":"2023-11-27T15:54:10+00:00","breadcrumb":{"@id":"https:\/\/www.sjr-erlangen.de\/WP\/online-angebote\/#breadcrumb"},"inLanguage":"de","potentialAction":[{"@type":"ReadAction","target":["https:\/\/www.sjr-erlangen.de\/WP\/online-angebote\/"]}]},{"@type":"BreadcrumbList","@id":"https:\/\/www.sjr-erlangen.de\/WP\/online-angebote\/#breadcrumb","itemListElement":[{"@type":"ListItem","position":1,"name":"Startseite","item":"https:\/\/www.sjr-erlangen.de\/WP\/"},{"@type":"ListItem","position":2,"name":"Nur Online Angebote"}]},{"@type":"WebSite","@id":"https:\/\/www.sjr-erlangen.de\/WP\/#website","url":"https:\/\/www.sjr-erlangen.de\/WP\/","name":"SJR Erlangen","description":"Herzlich willkommen auf den Seiten des Stadtjugendrings Erlangen!","potentialAction":[{"@type":"SearchAction","target":{"@type":"EntryPoint","urlTemplate":"https:\/\/www.sjr-erlangen.de\/WP\/?s={search_term_string}"},"query-input":{"@type":"PropertyValueSpecification","valueRequired":true,"valueName":"search_term_string"}}],"inLanguage":"de"}]}},"_links":{"self":[{"href":"https:\/\/www.sjr-erlangen.de\/WP\/wp-json\/wp\/v2\/pages\/2680","targetHints":{"allow":["GET"]}}],"collection":[{"href":"https:\/\/www.sjr-erlangen.de\/WP\/wp-json\/wp\/v2\/pages"}],"about":[{"href":"https:\/\/www.sjr-erlangen.de\/WP\/wp-json\/wp\/v2\/types\/page"}],"author":[{"embeddable":true,"href":"https:\/\/www.sjr-erlangen.de\/WP\/wp-json\/wp\/v2\/users\/1"}],"replies":[{"embeddable":true,"href":"https:\/\/www.sjr-erlangen.de\/WP\/wp-json\/wp\/v2\/comments?post=2680"}],"version-history":[{"count":59,"href":"https:\/\/www.sjr-erlangen.de\/WP\/wp-json\/wp\/v2\/pages\/2680\/revisions"}],"predecessor-version":[{"id":6284,"href":"https:\/\/www.sjr-erlangen.de\/WP\/wp-json\/wp\/v2\/pages\/2680\/revisions\/6284"}],"wp:attachment":[{"href":"https:\/\/www.sjr-erlangen.de\/WP\/wp-json\/wp\/v2\/media?parent=2680"}],"curies":[{"name":"wp","href":"https:\/\/api.w.org\/{rel}","templated":true}]}}