{"id":52,"date":"2019-07-01T12:02:19","date_gmt":"2019-07-01T10:02:19","guid":{"rendered":"https:\/\/www.sjr-erlangen.de\/WP\/?page_id=52"},"modified":"2025-11-21T14:33:17","modified_gmt":"2025-11-21T13:33:17","slug":"impressum","status":"publish","type":"page","link":"https:\/\/www.sjr-erlangen.de\/WP\/impressum\/","title":{"rendered":"Impressum"},"content":{"rendered":"\t\t<div data-elementor-type=\"wp-page\" data-elementor-id=\"52\" class=\"elementor elementor-52\">\n\t\t\t\t\t\t<section class=\"elementor-section elementor-top-section elementor-element elementor-element-83331d2 elementor-section-boxed elementor-section-height-default elementor-section-height-default\" data-id=\"83331d2\" data-element_type=\"section\" data-e-type=\"section\">\n\t\t\t\t\t\t<div class=\"elementor-container elementor-column-gap-default\">\n\t\t\t\t\t<div class=\"elementor-column elementor-col-100 elementor-top-column elementor-element elementor-element-eb27c43\" data-id=\"eb27c43\" data-element_type=\"column\" data-e-type=\"column\">\n\t\t\t<div class=\"elementor-widget-wrap elementor-element-populated\">\n\t\t\t\t\t\t<div class=\"elementor-element elementor-element-7574903 elementor-widget elementor-widget-heading\" data-id=\"7574903\" data-element_type=\"widget\" data-e-type=\"widget\" data-widget_type=\"heading.default\">\n\t\t\t\t<div class=\"elementor-widget-container\">\n\t\t\t\t\t<h1 class=\"elementor-heading-title elementor-size-default\">Impressum<\/h1>\t\t\t\t<\/div>\n\t\t\t\t<\/div>\n\t\t\t\t<div class=\"elementor-element elementor-element-0b497d2 elementor-widget elementor-widget-heading\" data-id=\"0b497d2\" data-element_type=\"widget\" data-e-type=\"widget\" data-widget_type=\"heading.default\">\n\t\t\t\t<div class=\"elementor-widget-container\">\n\t\t\t\t\t<h1 class=\"elementor-heading-title elementor-size-default\">Anbieter<\/h1>\t\t\t\t<\/div>\n\t\t\t\t<\/div>\n\t\t\t\t<div class=\"elementor-element elementor-element-b6a2e59 elementor-widget elementor-widget-text-editor\" data-id=\"b6a2e59\" data-element_type=\"widget\" data-e-type=\"widget\" data-widget_type=\"text-editor.default\">\n\t\t\t\t<div class=\"elementor-widget-container\">\n\t\t\t\t\t\t\t\t\t<p>Der SJR Erlangen vertreten durch den:die Vorsitzende:n Michael John, ist gem\u00e4\u00df Satzung des Bayerischen Jugendrings eine Gliederung des Bayerischen Jugendrings K.d.\u00f6.R., vertreten durch den Pr\u00e4sidenten Philipp Seitz.<\/p><p>Stadtjugendring Erlangen<br \/>Michael-Vogel-Str. 1e<br \/>91052 Erlangen<\/p><p>Verantwortlich im Sinne des Presserechts: Vorsitzende:r Michael John.<\/p><p><span style=\"font-size: 16px;\">Der gemeinn\u00fctzige Bayerische Jugendring untersteht als K\u00f6rperschaft des \u00f6ffentlichen Rechts der Rechtsaufsicht des Bayerischen Staatsministeriums f\u00fcr Familie, Arbeit und Soziales.<\/span><\/p><p>USt-ID: DE129523460<\/p><p>Telefon: 09131 &#8211; 22628<br \/>Email: <a href=\"mailto:info@sjr-erlangen.de\" target=\"_blank\" rel=\"noopener\">info@sjr-erlangen.de<\/a><\/p><p>\u00d6ffnungszeiten:<br \/>Mo, Di, Do, Fr 08:00 &#8211; 12:00 Uhr<br \/>Mo und Do 14:00 &#8211; 18:00 Uhr<\/p>\t\t\t\t\t\t\t\t<\/div>\n\t\t\t\t<\/div>\n\t\t\t\t<div class=\"elementor-element elementor-element-7931538 elementor-widget elementor-widget-heading\" data-id=\"7931538\" data-element_type=\"widget\" data-e-type=\"widget\" data-widget_type=\"heading.default\">\n\t\t\t\t<div class=\"elementor-widget-container\">\n\t\t\t\t\t<h1 class=\"elementor-heading-title elementor-size-default\">Haftung f\u00fcr Inhalte und Links<\/h1>\t\t\t\t<\/div>\n\t\t\t\t<\/div>\n\t\t\t\t<div class=\"elementor-element elementor-element-cee32a0 elementor-widget elementor-widget-text-editor\" data-id=\"cee32a0\" data-element_type=\"widget\" data-e-type=\"widget\" data-widget_type=\"text-editor.default\">\n\t\t\t\t<div class=\"elementor-widget-container\">\n\t\t\t\t\t\t\t\t\t<p>Die Inhalte der SJR Erlangen-Webseiten wurden mit gr\u00f6\u00dfter Sorgfalt erstellt. F\u00fcr die Richtigkeit, Vollst\u00e4ndigkeit und Aktualit\u00e4t der Inhalte kann jedoch keine Gew\u00e4hr \u00fcbernommen werden. Als Diensteanbieter sind wir f\u00fcr eigene Inhalte auf diesen Seiten nach den allgemeinen Gesetzen verantwortlich. Wir sind als Diensteanbieter jedoch nicht verpflichtet, \u00fcbermittelte oder gespeicherte fremde Informationen zu \u00fcberwachen oder nach Umst\u00e4nden zu forschen, die auf eine rechtswidrige T\u00e4tigkeit hinweisen. Verpflichtungen zur Entfernung oder Sperrung der Nutzung von Informationen nach den allgemeinen Gesetzen bleiben hiervon unber\u00fchrt. Eine diesbez\u00fcgliche Haftung ist jedoch erst ab dem Zeitpunkt der Kenntnis einer konkreten Rechtsverletzung m\u00f6glich. Bei Bekanntwerden von entsprechenden Rechtsverletzungen werden diese Inhalte umgehend entfernt.<\/p>\n<p>Das SJR Erlangen-Webangebot enth\u00e4lt Links zu externen Webseiten Dritter, auf deren Inhalte der SJR Erlangen keinen Einfluss hat. Deshalb kann der SJR Erlangen f\u00fcr diese fremden Inhalte auch keine Gew\u00e4hr \u00fcbernehmen. F\u00fcr die Inhalte der verlinkten Seiten ist stets der_die jeweilige Anbieter_in oder Betreiber_in der Seiten verantwortlich. Die verlinkten Seiten wurden zum Zeitpunkt der Verlinkung auf m\u00f6gliche Rechtsverst\u00f6\u00dfe \u00fcberpr\u00fcft. Rechtswidrige Inhalte waren zum Zeitpunkt der Verlinkung nicht erkennbar. Eine permanente inhaltliche Kontrolle der verlinkten Seiten ist jedoch ohne konkrete Anhaltspunkte einer Rechtsverletzung nicht zumutbar. Bei Bekanntwerden von Rechtsverletzungen werden derartige Links umgehend entfernt.Wir sind<\/p>\t\t\t\t\t\t\t\t<\/div>\n\t\t\t\t<\/div>\n\t\t\t\t<div class=\"elementor-element elementor-element-13387d4 elementor-widget elementor-widget-heading\" data-id=\"13387d4\" data-element_type=\"widget\" data-e-type=\"widget\" data-widget_type=\"heading.default\">\n\t\t\t\t<div class=\"elementor-widget-container\">\n\t\t\t\t\t<h1 class=\"elementor-heading-title elementor-size-default\">Urheberrecht<\/h1>\t\t\t\t<\/div>\n\t\t\t\t<\/div>\n\t\t\t\t<div class=\"elementor-element elementor-element-fe76ba4 elementor-widget elementor-widget-text-editor\" data-id=\"fe76ba4\" data-element_type=\"widget\" data-e-type=\"widget\" data-widget_type=\"text-editor.default\">\n\t\t\t\t<div class=\"elementor-widget-container\">\n\t\t\t\t\t\t\t\t\t<p>Die durch die Seitenbetreiber erstellten Inhalte und Werke auf diesen Seiten unterliegen dem deutschen Urheberrecht. Die Vervielf\u00e4ltigung, Bearbeitung, Verbreitung und jede Art der Verwertung au\u00dferhalb der Grenzen des Urheberrechts bed\u00fcrfen der schriftlichen Zustimmung des_der jeweiligen Autors_in bzw. Erstellers_in. Downloads und Kopien dieser Seite sind nur f\u00fcr den privaten, nicht kommerziellen Gebrauch gestattet. Soweit die Inhalte auf dieser Seite nicht vom Betreiber erstellt wurden, werden die Urheberrechte Dritter beachtet. Insbesondere werden Inhalte Dritter als solche gekennzeichnet. Sollten Sie trotzdem auf eine Urheberrechtsverletzung aufmerksam werden, bitten wir um einen entsprechenden Hinweis. Bei Bekanntwerden von Rechtsverletzungen wird der SJR Erlangen derartige Inhalte umgehend entfernen.<\/p>\t\t\t\t\t\t\t\t<\/div>\n\t\t\t\t<\/div>\n\t\t\t\t<div class=\"elementor-element elementor-element-35cf5fb elementor-widget elementor-widget-heading\" data-id=\"35cf5fb\" data-element_type=\"widget\" data-e-type=\"widget\" data-widget_type=\"heading.default\">\n\t\t\t\t<div class=\"elementor-widget-container\">\n\t\t\t\t\t<h1 class=\"elementor-heading-title elementor-size-default\">Cookies<\/h1>\t\t\t\t<\/div>\n\t\t\t\t<\/div>\n\t\t\t\t<div class=\"elementor-element elementor-element-3f050fe elementor-widget elementor-widget-text-editor\" data-id=\"3f050fe\" data-element_type=\"widget\" data-e-type=\"widget\" data-widget_type=\"text-editor.default\">\n\t\t\t\t<div class=\"elementor-widget-container\">\n\t\t\t\t\t\t\t\t\t<p>Um den Funktionsumfang unseres Internetangebotes zu erweitern und die Nutzung f\u00fcr Sie komfortabler zu gestalten, verwenden wir so genannte \u201eCookies\u201c. Mit Hilfe dieser \u201eCookies\u201c k\u00f6nnen bei dem Aufruf unserer Webseite Daten auf Ihrem Rechner gespeichert werden. Sie haben die M\u00f6glichkeit, das Abspeichern von Cookies auf Ihrem Rechner durch entsprechende Einstellungen in Ihrem Browser zu verhindern. Hierdurch k\u00f6nnten allerdings der Funktionsumfang unseres Angebotes eingeschr\u00e4nkt werden.<\/p>\t\t\t\t\t\t\t\t<\/div>\n\t\t\t\t<\/div>\n\t\t\t\t\t<\/div>\n\t\t<\/div>\n\t\t\t\t\t<\/div>\n\t\t<\/section>\n\t\t\t\t<\/div>\n\t\t","protected":false},"excerpt":{"rendered":"<p>Impressum Anbieter Der SJR Erlangen vertreten durch den:die Vorsitzende:n Michael John, ist gem\u00e4\u00df Satzung des Bayerischen Jugendrings eine Gliederung des Bayerischen Jugendrings K.d.\u00f6.R., vertreten durch den Pr\u00e4sidenten Philipp Seitz. Stadtjugendring [&hellip;]<\/p>\n","protected":false},"author":2,"featured_media":0,"parent":0,"menu_order":0,"comment_status":"closed","ping_status":"closed","template":"","meta":{"ocean_post_layout":"","ocean_both_sidebars_style":"","ocean_both_sidebars_content_width":0,"ocean_both_sidebars_sidebars_width":0,"ocean_sidebar":"0","ocean_second_sidebar":"0","ocean_disable_margins":"enable","ocean_add_body_class":"","ocean_shortcode_before_top_bar":"","ocean_shortcode_after_top_bar":"","ocean_shortcode_before_header":"","ocean_shortcode_after_header":"","ocean_has_shortcode":"","ocean_shortcode_after_title":"","ocean_shortcode_before_footer_widgets":"","ocean_shortcode_after_footer_widgets":"","ocean_shortcode_before_footer_bottom":"","ocean_shortcode_after_footer_bottom":"","ocean_display_top_bar":"default","ocean_display_header":"default","ocean_header_style":"","ocean_center_header_left_menu":"0","ocean_custom_header_template":"0","ocean_custom_logo":0,"ocean_custom_retina_logo":0,"ocean_custom_logo_max_width":0,"ocean_custom_logo_tablet_max_width":0,"ocean_custom_logo_mobile_max_width":0,"ocean_custom_logo_max_height":0,"ocean_custom_logo_tablet_max_height":0,"ocean_custom_logo_mobile_max_height":0,"ocean_header_custom_menu":"0","ocean_menu_typo_font_family":"0","ocean_menu_typo_font_subset":"","ocean_menu_typo_font_size":0,"ocean_menu_typo_font_size_tablet":0,"ocean_menu_typo_font_size_mobile":0,"ocean_menu_typo_font_size_unit":"px","ocean_menu_typo_font_weight":"","ocean_menu_typo_font_weight_tablet":"","ocean_menu_typo_font_weight_mobile":"","ocean_menu_typo_transform":"","ocean_menu_typo_transform_tablet":"","ocean_menu_typo_transform_mobile":"","ocean_menu_typo_line_height":0,"ocean_menu_typo_line_height_tablet":0,"ocean_menu_typo_line_height_mobile":0,"ocean_menu_typo_line_height_unit":"","ocean_menu_typo_spacing":0,"ocean_menu_typo_spacing_tablet":0,"ocean_menu_typo_spacing_mobile":0,"ocean_menu_typo_spacing_unit":"","ocean_menu_link_color":"","ocean_menu_link_color_hover":"","ocean_menu_link_color_active":"","ocean_menu_link_background":"","ocean_menu_link_hover_background":"","ocean_menu_link_active_background":"","ocean_menu_social_links_bg":"","ocean_menu_social_hover_links_bg":"","ocean_menu_social_links_color":"","ocean_menu_social_hover_links_color":"","ocean_disable_title":"default","ocean_disable_heading":"default","ocean_post_title":"","ocean_post_subheading":"","ocean_post_title_style":"","ocean_post_title_background_color":"","ocean_post_title_background":0,"ocean_post_title_bg_image_position":"","ocean_post_title_bg_image_attachment":"","ocean_post_title_bg_image_repeat":"","ocean_post_title_bg_image_size":"","ocean_post_title_height":0,"ocean_post_title_bg_overlay":0.5,"ocean_post_title_bg_overlay_color":"","ocean_disable_breadcrumbs":"default","ocean_breadcrumbs_color":"","ocean_breadcrumbs_separator_color":"","ocean_breadcrumbs_links_color":"","ocean_breadcrumbs_links_hover_color":"","ocean_display_footer_widgets":"default","ocean_display_footer_bottom":"default","ocean_custom_footer_template":"0","footnotes":""},"class_list":["post-52","page","type-page","status-publish","hentry","entry"],"yoast_head":"<!-- This site is optimized with the Yoast SEO plugin v27.4 - https:\/\/yoast.com\/product\/yoast-seo-wordpress\/ -->\n<title>Impressum - SJR Erlangen<\/title>\n<meta name=\"robots\" content=\"index, follow, max-snippet:-1, max-image-preview:large, max-video-preview:-1\" \/>\n<link rel=\"canonical\" href=\"https:\/\/www.sjr-erlangen.de\/WP\/impressum\/\" \/>\n<meta property=\"og:locale\" content=\"de_DE\" \/>\n<meta property=\"og:type\" content=\"article\" \/>\n<meta property=\"og:title\" content=\"Impressum - SJR Erlangen\" \/>\n<meta property=\"og:description\" content=\"Impressum Anbieter Der SJR Erlangen vertreten durch den:die Vorsitzende:n Michael John, ist gem\u00e4\u00df Satzung des Bayerischen Jugendrings eine Gliederung des Bayerischen Jugendrings K.d.\u00f6.R., vertreten durch den Pr\u00e4sidenten Philipp Seitz. Stadtjugendring [&hellip;]\" \/>\n<meta property=\"og:url\" content=\"https:\/\/www.sjr-erlangen.de\/WP\/impressum\/\" \/>\n<meta property=\"og:site_name\" content=\"SJR Erlangen\" \/>\n<meta property=\"article:modified_time\" content=\"2025-11-21T13:33:17+00:00\" \/>\n<meta name=\"twitter:card\" content=\"summary_large_image\" \/>\n<meta name=\"twitter:label1\" content=\"Gesch\u00e4tzte Lesezeit\" \/>\n\t<meta name=\"twitter:data1\" content=\"3\u00a0Minuten\" \/>\n<script type=\"application\/ld+json\" class=\"yoast-schema-graph\">{\"@context\":\"https:\\\/\\\/schema.org\",\"@graph\":[{\"@type\":\"WebPage\",\"@id\":\"https:\\\/\\\/www.sjr-erlangen.de\\\/WP\\\/impressum\\\/\",\"url\":\"https:\\\/\\\/www.sjr-erlangen.de\\\/WP\\\/impressum\\\/\",\"name\":\"Impressum - SJR Erlangen\",\"isPartOf\":{\"@id\":\"https:\\\/\\\/www.sjr-erlangen.de\\\/WP\\\/#website\"},\"datePublished\":\"2019-07-01T10:02:19+00:00\",\"dateModified\":\"2025-11-21T13:33:17+00:00\",\"breadcrumb\":{\"@id\":\"https:\\\/\\\/www.sjr-erlangen.de\\\/WP\\\/impressum\\\/#breadcrumb\"},\"inLanguage\":\"de\",\"potentialAction\":[{\"@type\":\"ReadAction\",\"target\":[\"https:\\\/\\\/www.sjr-erlangen.de\\\/WP\\\/impressum\\\/\"]}]},{\"@type\":\"BreadcrumbList\",\"@id\":\"https:\\\/\\\/www.sjr-erlangen.de\\\/WP\\\/impressum\\\/#breadcrumb\",\"itemListElement\":[{\"@type\":\"ListItem\",\"position\":1,\"name\":\"Startseite\",\"item\":\"https:\\\/\\\/www.sjr-erlangen.de\\\/WP\\\/\"},{\"@type\":\"ListItem\",\"position\":2,\"name\":\"Impressum\"}]},{\"@type\":\"WebSite\",\"@id\":\"https:\\\/\\\/www.sjr-erlangen.de\\\/WP\\\/#website\",\"url\":\"https:\\\/\\\/www.sjr-erlangen.de\\\/WP\\\/\",\"name\":\"SJR Erlangen\",\"description\":\"Herzlich willkommen auf den Seiten des Stadtjugendrings Erlangen!\",\"potentialAction\":[{\"@type\":\"SearchAction\",\"target\":{\"@type\":\"EntryPoint\",\"urlTemplate\":\"https:\\\/\\\/www.sjr-erlangen.de\\\/WP\\\/?s={search_term_string}\"},\"query-input\":{\"@type\":\"PropertyValueSpecification\",\"valueRequired\":true,\"valueName\":\"search_term_string\"}}],\"inLanguage\":\"de\"}]}<\/script>\n<!-- \/ Yoast SEO plugin. -->","yoast_head_json":{"title":"Impressum - SJR Erlangen","robots":{"index":"index","follow":"follow","max-snippet":"max-snippet:-1","max-image-preview":"max-image-preview:large","max-video-preview":"max-video-preview:-1"},"canonical":"https:\/\/www.sjr-erlangen.de\/WP\/impressum\/","og_locale":"de_DE","og_type":"article","og_title":"Impressum - SJR Erlangen","og_description":"Impressum Anbieter Der SJR Erlangen vertreten durch den:die Vorsitzende:n Michael John, ist gem\u00e4\u00df Satzung des Bayerischen Jugendrings eine Gliederung des Bayerischen Jugendrings K.d.\u00f6.R., vertreten durch den Pr\u00e4sidenten Philipp Seitz. Stadtjugendring [&hellip;]","og_url":"https:\/\/www.sjr-erlangen.de\/WP\/impressum\/","og_site_name":"SJR Erlangen","article_modified_time":"2025-11-21T13:33:17+00:00","twitter_card":"summary_large_image","twitter_misc":{"Gesch\u00e4tzte Lesezeit":"3\u00a0Minuten"},"schema":{"@context":"https:\/\/schema.org","@graph":[{"@type":"WebPage","@id":"https:\/\/www.sjr-erlangen.de\/WP\/impressum\/","url":"https:\/\/www.sjr-erlangen.de\/WP\/impressum\/","name":"Impressum - SJR Erlangen","isPartOf":{"@id":"https:\/\/www.sjr-erlangen.de\/WP\/#website"},"datePublished":"2019-07-01T10:02:19+00:00","dateModified":"2025-11-21T13:33:17+00:00","breadcrumb":{"@id":"https:\/\/www.sjr-erlangen.de\/WP\/impressum\/#breadcrumb"},"inLanguage":"de","potentialAction":[{"@type":"ReadAction","target":["https:\/\/www.sjr-erlangen.de\/WP\/impressum\/"]}]},{"@type":"BreadcrumbList","@id":"https:\/\/www.sjr-erlangen.de\/WP\/impressum\/#breadcrumb","itemListElement":[{"@type":"ListItem","position":1,"name":"Startseite","item":"https:\/\/www.sjr-erlangen.de\/WP\/"},{"@type":"ListItem","position":2,"name":"Impressum"}]},{"@type":"WebSite","@id":"https:\/\/www.sjr-erlangen.de\/WP\/#website","url":"https:\/\/www.sjr-erlangen.de\/WP\/","name":"SJR Erlangen","description":"Herzlich willkommen auf den Seiten des Stadtjugendrings Erlangen!","potentialAction":[{"@type":"SearchAction","target":{"@type":"EntryPoint","urlTemplate":"https:\/\/www.sjr-erlangen.de\/WP\/?s={search_term_string}"},"query-input":{"@type":"PropertyValueSpecification","valueRequired":true,"valueName":"search_term_string"}}],"inLanguage":"de"}]}},"_links":{"self":[{"href":"https:\/\/www.sjr-erlangen.de\/WP\/wp-json\/wp\/v2\/pages\/52","targetHints":{"allow":["GET"]}}],"collection":[{"href":"https:\/\/www.sjr-erlangen.de\/WP\/wp-json\/wp\/v2\/pages"}],"about":[{"href":"https:\/\/www.sjr-erlangen.de\/WP\/wp-json\/wp\/v2\/types\/page"}],"author":[{"embeddable":true,"href":"https:\/\/www.sjr-erlangen.de\/WP\/wp-json\/wp\/v2\/users\/2"}],"replies":[{"embeddable":true,"href":"https:\/\/www.sjr-erlangen.de\/WP\/wp-json\/wp\/v2\/comments?post=52"}],"version-history":[{"count":17,"href":"https:\/\/www.sjr-erlangen.de\/WP\/wp-json\/wp\/v2\/pages\/52\/revisions"}],"predecessor-version":[{"id":8076,"href":"https:\/\/www.sjr-erlangen.de\/WP\/wp-json\/wp\/v2\/pages\/52\/revisions\/8076"}],"wp:attachment":[{"href":"https:\/\/www.sjr-erlangen.de\/WP\/wp-json\/wp\/v2\/media?parent=52"}],"curies":[{"name":"wp","href":"https:\/\/api.w.org\/{rel}","templated":true}]}}